{"id":273,"date":"2026-02-24T09:46:46","date_gmt":"2026-02-24T09:46:46","guid":{"rendered":"https:\/\/hikayaforkids.nl\/?post_type=product&#038;p=273"},"modified":"2026-03-31T18:06:20","modified_gmt":"2026-03-31T18:06:20","slug":"complete-profetenbundel-voor-peuters-kleuters-en-6","status":"publish","type":"product","link":"https:\/\/hikayaforkids.nl\/index.php\/product\/complete-profetenbundel-voor-peuters-kleuters-en-6\/","title":{"rendered":"Complete Profetenbundel voor peuters, kleuters en 6+"},"content":{"rendered":"","protected":false},"excerpt":{"rendered":"<p>Wil je \u00e1lle profetenverhalen in \u00e9\u00e9n keer in huis halen?<br \/>\nMet deze complete bundel ontvangen je zowel de peuter- &amp; kleuterreeks als de 6+ reeks.<br \/>\nSamen vormen ze een prachtige, doorlopende reis door de verhalen van de profeten, passend bij elke leeftijdsfase.<\/p>\n<p>Voor de allerkleinsten:<br \/>\nKorte, rustige en begrijpelijke verhalen die passen bij hun belevingswereld. 53 profetenverhalen van +\/- een minuut.<\/p>\n<p>Voor kinderen vanaf 6 jaar:<br \/>\nVerdiepende verhalen over de profeten en wordt verteld in een rustig tempo. 30 verhalen van 4 tot 10 minuten<\/p>\n<p>Deze bundel is ideaal voor gezinnen met meerdere leeftijden of om jarenlang mee te groeien.<\/p>\n<p>Normaal samen: \u20ac64<\/p>\n<p>Bundelprijs: \u20ac 49<\/p>\n","protected":false},"featured_media":277,"comment_status":"open","ping_status":"closed","template":"","meta":[],"product_brand":[],"product_cat":[15],"product_tag":[],"class_list":{"0":"post-273","1":"product","2":"type-product","3":"status-publish","4":"has-post-thumbnail","6":"product_cat-geen-categorie","8":"first","9":"instock","10":"sale","11":"taxable","12":"shipping-taxable","13":"purchasable","14":"product-type-simple"},"jetpack_sharing_enabled":true,"_links":{"self":[{"href":"https:\/\/hikayaforkids.nl\/index.php\/wp-json\/wp\/v2\/product\/273","targetHints":{"allow":["GET"]}}],"collection":[{"href":"https:\/\/hikayaforkids.nl\/index.php\/wp-json\/wp\/v2\/product"}],"about":[{"href":"https:\/\/hikayaforkids.nl\/index.php\/wp-json\/wp\/v2\/types\/product"}],"replies":[{"embeddable":true,"href":"https:\/\/hikayaforkids.nl\/index.php\/wp-json\/wp\/v2\/comments?post=273"}],"wp:featuredmedia":[{"embeddable":true,"href":"https:\/\/hikayaforkids.nl\/index.php\/wp-json\/wp\/v2\/media\/277"}],"wp:attachment":[{"href":"https:\/\/hikayaforkids.nl\/index.php\/wp-json\/wp\/v2\/media?parent=273"}],"wp:term":[{"taxonomy":"product_brand","embeddable":true,"href":"https:\/\/hikayaforkids.nl\/index.php\/wp-json\/wp\/v2\/product_brand?post=273"},{"taxonomy":"product_cat","embeddable":true,"href":"https:\/\/hikayaforkids.nl\/index.php\/wp-json\/wp\/v2\/product_cat?post=273"},{"taxonomy":"product_tag","embeddable":true,"href":"https:\/\/hikayaforkids.nl\/index.php\/wp-json\/wp\/v2\/product_tag?post=273"}],"curies":[{"name":"wp","href":"https:\/\/api.w.org\/{rel}","templated":true}]}}